{"id":1110,"date":"2018-11-16T11:45:48","date_gmt":"2018-11-16T11:45:48","guid":{"rendered":"https:\/\/the7.io\/g-business\/?page_id=1110"},"modified":"2026-01-23T14:47:27","modified_gmt":"2026-01-23T13:47:27","slug":"csapatunk","status":"publish","type":"page","link":"https:\/\/m-plast.hu\/en\/rolunk\/csapatunk\/","title":{"rendered":"Our team"},"content":{"rendered":"<div class=\"wpb-content-wrapper\"><div class=\"vc_row wpb_row vc_row-fluid\"><div class=\"wpb_column vc_column_container vc_col-sm-12\"><div class=\"vc_column-inner\"><div class=\"wpb_wrapper\"><style type=\"text\/css\" data-type=\"the7_shortcodes-inline-css\">.dt-team-shortcode.team-masonry-shortcode-id-c748af388aecf1cd18ce87fb55ef3c27 .team-desc {\n  padding: 20px 20px 20px 20px;\n}\n.dt-team-shortcode.team-masonry-shortcode-id-c748af388aecf1cd18ce87fb55ef3c27 .team-author-name,\n.dt-team-shortcode.team-masonry-shortcode-id-c748af388aecf1cd18ce87fb55ef3c27 .team-author-name a {\n  margin-bottom: 0px;\n  font-weight: bold;\n}\n.dt-team-shortcode.team-masonry-shortcode-id-c748af388aecf1cd18ce87fb55ef3c27 .team-author p {\n  margin-bottom: 10px;\n  font-weight: bold;\n}\n.dt-team-shortcode.team-masonry-shortcode-id-c748af388aecf1cd18ce87fb55ef3c27  .team-media {\n  padding: 0px 0px 0px 0px;\n}\n.dt-team-shortcode.team-masonry-shortcode-id-c748af388aecf1cd18ce87fb55ef3c27  .team-media a,\n.dt-team-shortcode.team-masonry-shortcode-id-c748af388aecf1cd18ce87fb55ef3c27  .team-media > span,\n.dt-team-shortcode.team-masonry-shortcode-id-c748af388aecf1cd18ce87fb55ef3c27  .team-media img {\n  max-width: 150px;\n}\n.dt-team-shortcode.team-masonry-shortcode-id-c748af388aecf1cd18ce87fb55ef3c27 .dt-css-grid .team-media img {\n  width: 150px;\n  max-width: 100%;\n}\n.dt-team-shortcode.team-masonry-shortcode-id-c748af388aecf1cd18ce87fb55ef3c27 .team-content {\n  margin-bottom: 5px;\n}\n.dt-team-shortcode.team-masonry-shortcode-id-c748af388aecf1cd18ce87fb55ef3c27  .team-media,\n.dt-team-shortcode.team-masonry-shortcode-id-c748af388aecf1cd18ce87fb55ef3c27  .team-media a.rollover,\n.dt-team-shortcode.team-masonry-shortcode-id-c748af388aecf1cd18ce87fb55ef3c27  .team-media a.rollover *,\n.dt-team-shortcode.team-masonry-shortcode-id-c748af388aecf1cd18ce87fb55ef3c27  .team-media img {\n  border-radius: 0px;\n}\n.dt-team-shortcode.team-masonry-shortcode-id-c748af388aecf1cd18ce87fb55ef3c27 .soc-ico {\n  margin-bottom: 15px;\n}\n.dt-team-shortcode.team-masonry-shortcode-id-c748af388aecf1cd18ce87fb55ef3c27 .soc-ico a {\n  min-width: 26px;\n  min-height: 26px;\n  font-size: 16px;\n  border-radius: 100px;\n}\n.dt-team-shortcode.team-masonry-shortcode-id-c748af388aecf1cd18ce87fb55ef3c27 .soc-ico a:not(:last-child) {\n  margin-right: 4px;\n}\n.dt-team-shortcode.team-masonry-shortcode-id-c748af388aecf1cd18ce87fb55ef3c27 .soc-ico a:before,\n.dt-team-shortcode.team-masonry-shortcode-id-c748af388aecf1cd18ce87fb55ef3c27 .soc-ico a:after {\n  min-width: 26px;\n  min-height: 26px;\n  padding: inherit;\n}\n.dt-icon-border-on.dt-team-shortcode.team-masonry-shortcode-id-c748af388aecf1cd18ce87fb55ef3c27 .soc-ico a:before {\n  border: 0px solid transparent;\n}\n.dt-team-shortcode.team-masonry-shortcode-id-c748af388aecf1cd18ce87fb55ef3c27 .soc-ico a:hover {\n  font-size: 16px;\n}\n#page .dt-team-shortcode.team-masonry-shortcode-id-c748af388aecf1cd18ce87fb55ef3c27 .soc-ico a:hover .soc-font-icon {\n  color: rgba(255,255,255,0.75);\n  background: none;\n}\n.dt-icon-border-hover-on.dt-team-shortcode.team-masonry-shortcode-id-c748af388aecf1cd18ce87fb55ef3c27 .soc-ico a:after {\n  border: 0px solid transparent;\n}\n#page .dt-team-shortcode.team-masonry-shortcode-id-c748af388aecf1cd18ce87fb55ef3c27 .soc-ico a:not(:hover) .soc-font-icon {\n  color: #ffffff;\n  background: none;\n}\n.dt-team-shortcode.team-masonry-shortcode-id-c748af388aecf1cd18ce87fb55ef3c27 .soc-ico a .soc-font-icon {\n  font-size: 16px;\n}\n.dt-team-shortcode.team-masonry-shortcode-id-c748af388aecf1cd18ce87fb55ef3c27 .filter-bg-decoration .filter-categories a.act {\n  color: #fff;\n}\n.dt-team-shortcode.team-masonry-shortcode-id-c748af388aecf1cd18ce87fb55ef3c27:not(.resize-by-browser-width) .dt-css-grid {\n  grid-row-gap: 30px;\n  grid-column-gap: 30px;\n  grid-template-columns: repeat(auto-fill,minmax(,1fr));\n}\n.cssgridlegacy.no-cssgrid .dt-team-shortcode.team-masonry-shortcode-id-c748af388aecf1cd18ce87fb55ef3c27:not(.resize-by-browser-width) .dt-css-grid,\n.no-cssgridlegacy.no-cssgrid .dt-team-shortcode.team-masonry-shortcode-id-c748af388aecf1cd18ce87fb55ef3c27:not(.resize-by-browser-width) .dt-css-grid {\n  display: flex;\n  flex-flow: row wrap;\n  margin: -15px;\n}\n.cssgridlegacy.no-cssgrid .dt-team-shortcode.team-masonry-shortcode-id-c748af388aecf1cd18ce87fb55ef3c27:not(.resize-by-browser-width) .dt-css-grid .wf-cell,\n.no-cssgridlegacy.no-cssgrid .dt-team-shortcode.team-masonry-shortcode-id-c748af388aecf1cd18ce87fb55ef3c27:not(.resize-by-browser-width) .dt-css-grid .wf-cell {\n  flex: 1 0 ;\n  max-width: 100%;\n  padding: 15px;\n  box-sizing: border-box;\n}\n.dt-team-shortcode.team-masonry-shortcode-id-c748af388aecf1cd18ce87fb55ef3c27.resize-by-browser-width .dt-css-grid {\n  grid-template-columns: repeat(3,1fr);\n  grid-template-rows: auto;\n  grid-column-gap: 30px;\n  grid-row-gap: 30px;\n}\n.cssgridlegacy.no-cssgrid .dt-team-shortcode.team-masonry-shortcode-id-c748af388aecf1cd18ce87fb55ef3c27.resize-by-browser-width .dt-css-grid,\n.no-cssgridlegacy.no-cssgrid .dt-team-shortcode.team-masonry-shortcode-id-c748af388aecf1cd18ce87fb55ef3c27.resize-by-browser-width .dt-css-grid {\n  margin: -15px;\n}\n.cssgridlegacy.no-cssgrid .dt-team-shortcode.team-masonry-shortcode-id-c748af388aecf1cd18ce87fb55ef3c27.resize-by-browser-width .dt-css-grid .wf-cell,\n.no-cssgridlegacy.no-cssgrid .dt-team-shortcode.team-masonry-shortcode-id-c748af388aecf1cd18ce87fb55ef3c27.resize-by-browser-width .dt-css-grid .wf-cell {\n  width: 33.333333333333%;\n  padding: 15px;\n}\n@media screen and (max-width: 1199px) {\n  .dt-team-shortcode.team-masonry-shortcode-id-c748af388aecf1cd18ce87fb55ef3c27.resize-by-browser-width .dt-css-grid {\n    grid-template-columns: repeat(3,1fr);\n  }\n  .cssgridlegacy.no-cssgrid .dt-team-shortcode.team-masonry-shortcode-id-c748af388aecf1cd18ce87fb55ef3c27.resize-by-browser-width .dt-css-grid .wf-cell,\n  .no-cssgridlegacy.no-cssgrid .dt-team-shortcode.team-masonry-shortcode-id-c748af388aecf1cd18ce87fb55ef3c27.resize-by-browser-width .dt-css-grid .wf-cell {\n    width: 33.333333333333%;\n  }\n}\n@media screen and (max-width: 991px) {\n  .dt-team-shortcode.team-masonry-shortcode-id-c748af388aecf1cd18ce87fb55ef3c27.resize-by-browser-width .dt-css-grid {\n    grid-template-columns: repeat(2,1fr);\n  }\n  .cssgridlegacy.no-cssgrid .dt-team-shortcode.team-masonry-shortcode-id-c748af388aecf1cd18ce87fb55ef3c27.resize-by-browser-width .dt-css-grid .wf-cell,\n  .no-cssgridlegacy.no-cssgrid .dt-team-shortcode.team-masonry-shortcode-id-c748af388aecf1cd18ce87fb55ef3c27.resize-by-browser-width .dt-css-grid .wf-cell {\n    width: 50%;\n  }\n}\n@media screen and (max-width: 767px) {\n  .dt-team-shortcode.team-masonry-shortcode-id-c748af388aecf1cd18ce87fb55ef3c27.resize-by-browser-width .dt-css-grid {\n    grid-template-columns: repeat(1,1fr);\n  }\n  .cssgridlegacy.no-cssgrid .dt-team-shortcode.team-masonry-shortcode-id-c748af388aecf1cd18ce87fb55ef3c27.resize-by-browser-width .dt-css-grid .wf-cell,\n  .no-cssgridlegacy.no-cssgrid .dt-team-shortcode.team-masonry-shortcode-id-c748af388aecf1cd18ce87fb55ef3c27.resize-by-browser-width .dt-css-grid .wf-cell {\n    width: 100%;\n  }\n}\n<\/style><div class=\"dt-team-masonry-shortcode dt-team-shortcode team-masonry-shortcode-id-c748af388aecf1cd18ce87fb55ef3c27 loading-effect-none mode-grid jquery-filter content-align-center dt-css-grid-wrap scale-img dt-css-grid-wrap dt-icon-bg-on dt-icon-border-on dt-icon-hover-bg-on dt-icon-border-hover-on move-icons-under-position resize-by-browser-width\" data-padding=\"15px\" data-cur-page=\"1\" data-post-limit=\"-1\" data-pagination-mode=\"none\" data-desktop-columns-num=\"3\" data-v-tablet-columns-num=\"2\" data-h-tablet-columns-num=\"3\" data-phone-columns-num=\"1\" data-width=\"0px\" data-columns=\"0\"><div class=\"iso-filter extras-off filter\"><div class=\"filter-categories\" data-default-order=\"desc\" data-default-orderby=\"date\"><a href=\"https:\/\/m-plast.hu\/en\/rolunk\/csapatunk\/\" class=\"show-all act\" data-filter=\"*\" aria-label=\"Apply filter: View all\">View all<\/a><a href=\"https:\/\/m-plast.hu\/en\/rolunk\/csapatunk\/?term=101\" class=\"irodavezeto\" data-filter=\".category-101\" aria-label=\"Apply filter: Irodavezet\u0151\">Office Manager<\/a><a href=\"https:\/\/m-plast.hu\/en\/rolunk\/csapatunk\/?term=102\" class=\"termelesvezeto\" data-filter=\".category-102\" aria-label=\"Apply filter: Termel\u00e9svezet\u0151\">Production Manager<\/a><a href=\"https:\/\/m-plast.hu\/en\/rolunk\/csapatunk\/?term=100\" class=\"ugyvezeto-igazgato\" data-filter=\".category-100\" aria-label=\"Apply filter: \u00dcgyvezet\u0151 igazgat\u00f3\">Managing Director<\/a><\/div><\/div><div class=\"dt-css-grid\" ><div class=\"visible wf-cell category-100\" data-post-id=\"2169\" data-date=\"2024-07-22T06:00:14+02:00\" data-name=\"Dr. Futaki G\u00e9za&lt;br&gt; \u00dcgyvezet\u0151 igazgat\u00f3\"><div class=\"team-container visible post post-2169 dt_team type-dt_team status-publish has-post-thumbnail hentry dt_team_category-ugyvezeto-igazgato dt_team_category-100\"><div class=\"team-media\"><a href=\"https:\/\/m-plast.hu\/en\/dt_team\/dr-futaki-geza\/\" class=\"rollover layzr-bg\"><img fetchpriority=\"high\" decoding=\"async\" class=\"preload-me iso-lazy-load aspect\" src=\"data:image\/svg+xml,%3Csvg%20xmlns%3D&#39;http%3A%2F%2Fwww.w3.org%2F2000%2Fsvg&#39;%20viewBox%3D&#39;0%200%20915%201372&#39;%2F%3E\" data-src=\"https:\/\/m-plast.hu\/wp-content\/uploads\/2019\/06\/Messenger_creation_63e9b831-0f78-488f-b145-e3c9d4717eb5-915x1372.jpeg\" data-srcset=\"https:\/\/m-plast.hu\/wp-content\/uploads\/2019\/06\/Messenger_creation_63e9b831-0f78-488f-b145-e3c9d4717eb5-915x1372.jpeg 915w, https:\/\/m-plast.hu\/wp-content\/uploads\/2019\/06\/Messenger_creation_63e9b831-0f78-488f-b145-e3c9d4717eb5-915x1373.jpeg 915w\" loading=\"eager\" style=\"--ratio: 915 \/ 1372\" sizes=\"(max-width: 915px) 100vw, 915px\" width=\"915\" height=\"1372\"  title=\"Messenger_creation_63e9b831-0f78-488f-b145-e3c9d4717eb5\" alt=\"\" \/><\/a><\/div><div class=\"team-desc\"><div class=\"team-author\"><div class=\"team-author-name\"><a href=\"https:\/\/m-plast.hu\/en\/dt_team\/dr-futaki-geza\/\">Dr. G\u00e9za Futaki<br> Managing Director<\/a><\/div><\/div><div class=\"team-content\"><\/div><\/div><\/div><\/div><div class=\"visible wf-cell category-101\" data-post-id=\"2167\" data-date=\"2024-07-22T05:54:30+02:00\" data-name=\"B\u00e1lintn\u00e9 K\u00f6r\u00f6mi Be\u00e1ta&lt;br&gt; Irodavezet\u0151\"><div class=\"team-container visible post post-2167 dt_team type-dt_team status-publish has-post-thumbnail hentry dt_team_category-irodavezeto dt_team_category-101\"><div class=\"team-media\"><a href=\"https:\/\/m-plast.hu\/en\/dt_team\/balintne-koromi-beata\/\" class=\"rollover layzr-bg\"><img decoding=\"async\" class=\"preload-me iso-lazy-load aspect\" src=\"data:image\/svg+xml,%3Csvg%20xmlns%3D&#39;http%3A%2F%2Fwww.w3.org%2F2000%2Fsvg&#39;%20viewBox%3D&#39;0%200%201042%201563&#39;%2F%3E\" data-src=\"https:\/\/m-plast.hu\/wp-content\/uploads\/2019\/06\/Messenger_creation_147d60e7-a558-45eb-b5e2-5275c88f2506-1042x1563.jpeg\" data-srcset=\"https:\/\/m-plast.hu\/wp-content\/uploads\/2019\/06\/Messenger_creation_147d60e7-a558-45eb-b5e2-5275c88f2506-1042x1563.jpeg 1042w\" loading=\"eager\" style=\"--ratio: 1042 \/ 1563\" sizes=\"(max-width: 1042px) 100vw, 1042px\" width=\"1042\" height=\"1563\"  title=\"Messenger_creation_147d60e7-a558-45eb-b5e2-5275c88f2506\" alt=\"\" \/><\/a><\/div><div class=\"team-desc\"><div class=\"team-author\"><div class=\"team-author-name\"><a href=\"https:\/\/m-plast.hu\/en\/dt_team\/balintne-koromi-beata\/\">Mrs Be\u00e1ta B\u00e1lint K\u00f6r\u00f6mi<br> Office Manager<\/a><\/div><\/div><div class=\"team-content\"><\/div><\/div><\/div><\/div><div class=\"visible wf-cell category-102\" data-post-id=\"2170\" data-date=\"2024-07-22T03:01:55+02:00\" data-name=\"Hegyi Istv\u00e1n&lt;br&gt; Termel\u00e9svezet\u0151\"><div class=\"team-container visible post post-2170 dt_team type-dt_team status-publish has-post-thumbnail hentry dt_team_category-termelesvezeto dt_team_category-102\"><div class=\"team-media\"><a href=\"https:\/\/m-plast.hu\/en\/dt_team\/hegyi-istvan\/\" class=\"rollover layzr-bg\"><img decoding=\"async\" class=\"preload-me iso-lazy-load aspect\" src=\"data:image\/svg+xml,%3Csvg%20xmlns%3D&#39;http%3A%2F%2Fwww.w3.org%2F2000%2Fsvg&#39;%20viewBox%3D&#39;0%200%20862%201293&#39;%2F%3E\" data-src=\"https:\/\/m-plast.hu\/wp-content\/uploads\/2019\/06\/Messenger_creation_a3dbf11e-9d66-47a6-a739-87c0dece044b-862x1293.jpeg\" data-srcset=\"https:\/\/m-plast.hu\/wp-content\/uploads\/2019\/06\/Messenger_creation_a3dbf11e-9d66-47a6-a739-87c0dece044b-862x1293.jpeg 862w, https:\/\/m-plast.hu\/wp-content\/uploads\/2019\/06\/Messenger_creation_a3dbf11e-9d66-47a6-a739-87c0dece044b-862x1294.jpeg 862w\" loading=\"eager\" style=\"--ratio: 862 \/ 1293\" sizes=\"(max-width: 862px) 100vw, 862px\" width=\"862\" height=\"1293\"  title=\"Messenger_creation_a3dbf11e-9d66-47a6-a739-87c0dece044b\" alt=\"\" \/><\/a><\/div><div class=\"team-desc\"><div class=\"team-author\"><div class=\"team-author-name\"><a href=\"https:\/\/m-plast.hu\/en\/dt_team\/hegyi-istvan\/\">Istv\u00e1n Hegyi<br> Production Manager<\/a><\/div><\/div><div class=\"team-content\"><\/div><\/div><\/div><\/div><\/div><!-- iso-container|iso-grid --><\/div><\/div><\/div><\/div><\/div><div class=\"vc_row wpb_row vc_row-fluid\"><div class=\"wpb_column vc_column_container vc_col-sm-12\"><div class=\"vc_column-inner\"><div class=\"wpb_wrapper\"><div class=\"vc_separator wpb_content_element vc_separator_align_center vc_sep_width_100 vc_sep_border_width_8 vc_sep_pos_align_center vc_separator_no_text vc_sep_color_grey vc_custom_1723440763537 wpb_content_element  vc_custom_1723440763537 wpb_content_element\" ><span class=\"vc_sep_holder vc_sep_holder_l\"><span class=\"vc_sep_line\"><\/span><\/span><span class=\"vc_sep_holder vc_sep_holder_r\"><span class=\"vc_sep_line\"><\/span><\/span>\n<\/div><\/div><\/div><\/div><\/div><div class=\"vc_row wpb_row vc_row-fluid\"><div class=\"wpb_column vc_column_container vc_col-sm-6\"><div class=\"vc_column-inner\"><div class=\"wpb_wrapper\">\n\t<div  class=\"wpb_single_image wpb_content_element vc_align_left\">\n\t\t\n\t\t<figure class=\"wpb_wrapper vc_figure\">\n\t\t\t<div class=\"vc_single_image-wrapper   vc_box_border_grey\"><img decoding=\"async\" width=\"1024\" height=\"448\" src=\"https:\/\/m-plast.hu\/wp-content\/uploads\/2019\/06\/Messenger_creation_c4ab67ef-bc4f-4f93-84f9-5992c045b8e8-1024x448.jpeg\" class=\"vc_single_image-img attachment-large\" alt=\"\" title=\"Messenger_creation_c4ab67ef-bc4f-4f93-84f9-5992c045b8e8\" srcset=\"https:\/\/m-plast.hu\/wp-content\/uploads\/2019\/06\/Messenger_creation_c4ab67ef-bc4f-4f93-84f9-5992c045b8e8-1024x448.jpeg 1024w, https:\/\/m-plast.hu\/wp-content\/uploads\/2019\/06\/Messenger_creation_c4ab67ef-bc4f-4f93-84f9-5992c045b8e8-600x263.jpeg 600w, https:\/\/m-plast.hu\/wp-content\/uploads\/2019\/06\/Messenger_creation_c4ab67ef-bc4f-4f93-84f9-5992c045b8e8-300x131.jpeg 300w, https:\/\/m-plast.hu\/wp-content\/uploads\/2019\/06\/Messenger_creation_c4ab67ef-bc4f-4f93-84f9-5992c045b8e8-768x336.jpeg 768w, https:\/\/m-plast.hu\/wp-content\/uploads\/2019\/06\/Messenger_creation_c4ab67ef-bc4f-4f93-84f9-5992c045b8e8-1536x672.jpeg 1536w, https:\/\/m-plast.hu\/wp-content\/uploads\/2019\/06\/Messenger_creation_c4ab67ef-bc4f-4f93-84f9-5992c045b8e8.jpeg 1574w\" sizes=\"(max-width: 1024px) 100vw, 1024px\"  data-dt-location=\"https:\/\/m-plast.hu\/en\/messenger_creation_c4ab67ef-bc4f-4f93-84f9-5992c045b8e8\/\" \/><\/div>\n\t\t<\/figure>\n\t<\/div>\n<\/div><\/div><\/div><div class=\"wpb_column vc_column_container vc_col-sm-6\"><div class=\"vc_column-inner\"><div class=\"wpb_wrapper\">\n\t<div class=\"wpb_text_column wpb_content_element\" >\n\t\t<div class=\"wpb_wrapper\">\n\t\t\t<p>Az M-Plast Kft. b\u00e9k\u00e9scsabai v\u00e1llalkoz\u00e1s. Mintegy 40 \u00e9ve foglalkozik m\u0171anyag, ezen bel\u00fcl f\u0151k\u00e9nt poliuret\u00e1n term\u00e9kek gy\u00e1rt\u00e1s\u00e1val. Korszer\u0171 g\u00e9pparkkal, szaktud\u00e1ssal, magas min\u0151s\u00e9g\u0171 term\u00e9keket gy\u00e1rtunk hazai \u00e9s k\u00fcld\u00f6ldi piacra is. C\u00e9g\u00fcnk l\u00e9tsz\u00e1ma 10 f\u0151.<\/p>\n\n\t\t<\/div>\n\t<\/div>\n<\/div><\/div><\/div><\/div>\n<\/div>","protected":false},"excerpt":{"rendered":"<p>Az M-Plast Kft. b\u00e9k\u00e9scsabai v\u00e1llalkoz\u00e1s. Mintegy 40 \u00e9ve foglalkozik m\u0171anyag, ezen bel\u00fcl f\u0151k\u00e9nt poliuret\u00e1n term\u00e9kek gy\u00e1rt\u00e1s\u00e1val. Korszer\u0171 g\u00e9pparkkal, szaktud\u00e1ssal, magas min\u0151s\u00e9g\u0171 term\u00e9keket gy\u00e1rtunk hazai \u00e9s k\u00fcld\u00f6ldi piacra is. C\u00e9g\u00fcnk l\u00e9tsz\u00e1ma 10 f\u0151.<\/p>","protected":false},"author":1,"featured_media":0,"parent":247,"menu_order":10,"comment_status":"closed","ping_status":"closed","template":"","meta":{"footnotes":""},"class_list":["post-1110","page","type-page","status-publish","hentry"],"_links":{"self":[{"href":"https:\/\/m-plast.hu\/en\/wp-json\/wp\/v2\/pages\/1110","targetHints":{"allow":["GET"]}}],"collection":[{"href":"https:\/\/m-plast.hu\/en\/wp-json\/wp\/v2\/pages"}],"about":[{"href":"https:\/\/m-plast.hu\/en\/wp-json\/wp\/v2\/types\/page"}],"author":[{"embeddable":true,"href":"https:\/\/m-plast.hu\/en\/wp-json\/wp\/v2\/users\/1"}],"replies":[{"embeddable":true,"href":"https:\/\/m-plast.hu\/en\/wp-json\/wp\/v2\/comments?post=1110"}],"version-history":[{"count":22,"href":"https:\/\/m-plast.hu\/en\/wp-json\/wp\/v2\/pages\/1110\/revisions"}],"predecessor-version":[{"id":5681,"href":"https:\/\/m-plast.hu\/en\/wp-json\/wp\/v2\/pages\/1110\/revisions\/5681"}],"up":[{"embeddable":true,"href":"https:\/\/m-plast.hu\/en\/wp-json\/wp\/v2\/pages\/247"}],"wp:attachment":[{"href":"https:\/\/m-plast.hu\/en\/wp-json\/wp\/v2\/media?parent=1110"}],"curies":[{"name":"wp","href":"https:\/\/api.w.org\/{rel}","templated":true}]}}